{"id":19432,"date":"2023-02-07T11:17:23","date_gmt":"2023-02-07T11:17:23","guid":{"rendered":"https:\/\/centromanwoman.com.pe\/Portal\/?page_id=19432"},"modified":"2023-06-27T14:48:06","modified_gmt":"2023-06-27T14:48:06","slug":"quienes-somos","status":"publish","type":"page","link":"https:\/\/centromanwoman.com.pe\/Portal\/quienes-somos\/","title":{"rendered":"Qui\u00e9nes Somos"},"content":{"rendered":"<section class=\"wpb-content-wrapper\"><p>[vc_row full_width=\u00bbstretch_row\u00bb css=\u00bb.vc_custom_1681929822139{padding-top: 50px !important;padding-bottom: 35px !important;}\u00bb][vc_column]<div id=\"1561970905763-a035962f-483a\" class=\"dt-sc-empty-space\"><\/div>[\/vc_column][vc_column width=\u00bb1\/2&#8243; offset=\u00bbvc_col-lg-6 vc_col-md-12&#8243; el_class=\u00bbrs_col-sm-12&#8243;][vc_single_image image=\u00bb21593&#8243; img_size=\u00bbfull\u00bb el_class=\u00bbcustom-img-border\u00bb][\/vc_column][vc_column width=\u00bb1\/2&#8243; offset=\u00bbvc_col-lg-6 vc_col-md-12&#8243; el_class=\u00bbrs_col-sm-12&#8243;]<div class='dt-sc-title script-with-sub-title  ' data-delay='0'><h6 class='dt-sc-main-heading'>Acerca De<\/h6><h2 class='dt-sc-sub-heading'>Centro Terape\u00fatico MAN &amp; WOMAN<\/h2><\/div><div id=\"1559910757873-ff4e3181-cb65\" class=\"dt-sc-empty-space\"><\/div>[vc_custom_heading text=\u00bbSomos un centro especializado en fisioterapia\u2063 y rehabilitaci\u00f3n, contamos con los mejores equipos de tecnolog\u00eda moderna y especialistas de fisioterapia, para que lleves un tratamiento totalmente seguro ayud\u00e1ndolo a comprender el problema y comprometerse con la soluci\u00f3n de su lesi\u00f3n.\u00bb font_container=\u00bbtag:p|text_align:justify\u00bb use_theme_fonts=\u00bbyes\u00bb]<div id=\"1559912678981-7e952b29-b8db\" class=\"dt-sc-empty-space\"><\/div><blockquote class='type3  ' data-delay='0'><q>Nuestra terapia no consiste solo en el alivio del dolor sino tambi\u00e9n en el tratamiento directo de los factores mec\u00e1nicos causantes del dolor.<\/q><\/blockquote><div id=\"1681930622597-83c3741e-9812\" class=\"dt-sc-empty-space\"><\/div>[vc_custom_heading text=\u00bbAs\u00ed mismo todos nuestros tratamientos est\u00e1n enfocados en buscar un equilibrio a nivel FISICO, MENTAL Y EMOCIONAL ya que trabajando estas tres esferas se consigue el bienestar total.\u00bb font_container=\u00bbtag:p|text_align:justify\u00bb use_theme_fonts=\u00bbyes\u00bb]<div id=\"1681930568141-fefb7586-834e\" class=\"dt-sc-empty-space\"><\/div>[\/vc_column][\/vc_row][vc_row][vc_column]<div id=\"1681929451681-be04e82d-759f\" class=\"dt-sc-empty-space\"><\/div>[\/vc_column][\/vc_row][vc_row equal_height=\u00bbyes\u00bb content_placement=\u00bbmiddle\u00bb disable_element=\u00bbyes\u00bb css=\u00bb.vc_custom_1687876425077{margin-right: 1px !important;margin-bottom: 2px !important;margin-left: 1px !important;background-color: #f4f4f4 !important;}\u00bb][vc_column width=\u00bb7\/12&#8243; css=\u00bb.vc_custom_1561008352696{padding-top: 40px !important;padding-right: 10% !important;padding-bottom: 50px !important;padding-left: 11% !important;}\u00bb offset=\u00bbvc_col-lg-7 vc_col-md-12&#8243; el_class=\u00bbrs_col-sm-12&#8243;][vc_custom_heading text=\u00bbNuestra Misi\u00f3n\u00bb font_container=\u00bbtag:h3|text_align:left\u00bb use_theme_fonts=\u00bbyes\u00bb css=\u00bb.vc_custom_1681930090330{margin-bottom: 25px !important;}\u00bb][vc_custom_heading text=\u00bbEl Centro Terap\u00e9utico MAN &amp; WOMAN busca fomentar la calidad de servicio y atenci\u00f3n inmediata sin tiempos de espera a los usuarios que ameriten medicina alternativa, dando un tratamiento completo a todos los padecimientos del sistema muscular y \u00f3seo brindando una atenci\u00f3n especial, para lo cual se manejan paquetes de servicios integrales de acuerdo a las necesidades.\u00bb font_container=\u00bbtag:p|text_align:justify|line_height:28px\u00bb use_theme_fonts=\u00bbyes\u00bb css=\u00bb.vc_custom_1681930081227{margin-bottom: 25px !important;}\u00bb][\/vc_column][vc_column width=\u00bb5\/12&#8243; css=\u00bb.vc_custom_1561010070516{padding-right: 0px !important;padding-left: 0px !important;}\u00bb offset=\u00bbvc_col-lg-5 vc_col-md-12 vc_hidden-sm vc_hidden-xs\u00bb el_class=\u00bbrs_col-sm-12&#8243;][vc_single_image image=\u00bb21595&#8243; img_size=\u00bbfull\u00bb alignment=\u00bbcenter\u00bb el_class=\u00bbcustom-img-border\u00bb css=\u00bb.vc_custom_1681931843372{margin-bottom: 0px !important;}\u00bb]<div id=\"1561007836635-c40832f2-5997\" class=\"dt-sc-empty-space\"><\/div>[\/vc_column][\/vc_row][vc_row equal_height=\u00bbyes\u00bb content_placement=\u00bbmiddle\u00bb disable_element=\u00bbyes\u00bb css=\u00bb.vc_custom_1687876432727{margin-right: 1px !important;margin-bottom: 2px !important;margin-left: 1px !important;background-color: #f4f4f4 !important;}\u00bb][vc_column width=\u00bb5\/12&#8243; css=\u00bb.vc_custom_1561010055576{padding-right: 0px !important;padding-left: 0px !important;}\u00bb offset=\u00bbvc_col-lg-5 vc_col-md-12 vc_hidden-sm vc_hidden-xs\u00bb el_class=\u00bbrs_col-sm-12&#8243;]<div id=\"1561007892913-cbddee94-a819\" class=\"dt-sc-empty-space\"><\/div>[vc_single_image image=\u00bb21601&#8243; img_size=\u00bbfull\u00bb alignment=\u00bbcenter\u00bb el_class=\u00bbcustom-img-border\u00bb css=\u00bb.vc_custom_1681932396168{margin-bottom: 0px !important;}\u00bb][\/vc_column][vc_column width=\u00bb7\/12&#8243; css=\u00bb.vc_custom_1561008373078{padding-top: 40px !important;padding-right: 10% !important;padding-bottom: 50px !important;padding-left: 11% !important;}\u00bb offset=\u00bbvc_col-lg-7 vc_col-md-12&#8243; el_class=\u00bbrs_col-sm-12&#8243;][vc_custom_heading text=\u00bbNuestra Visi\u00f3n\u00bb font_container=\u00bbtag:h3|text_align:left\u00bb use_theme_fonts=\u00bbyes\u00bb css=\u00bb.vc_custom_1681930098530{margin-bottom: 25px !important;}\u00bb][vc_custom_heading text=\u00bbConvertirse en un Centro Terap\u00e9utico de medicina alternativa s\u00f3lido, \u00e1gil y confiable, l\u00edder en la innovaci\u00f3n de servicios con la perspectiva de mejoramiento continuo y s\u00f3lidos principios \u00e9ticos y human\u00edsticos.\u00bb font_container=\u00bbtag:p|text_align:left|line_height:28px\u00bb use_theme_fonts=\u00bbyes\u00bb css=\u00bb.vc_custom_1681930124650{margin-bottom: 25px !important;}\u00bb][\/vc_column][\/vc_row][vc_row equal_height=\u00bbyes\u00bb content_placement=\u00bbmiddle\u00bb disable_element=\u00bbyes\u00bb css=\u00bb.vc_custom_1687876440125{margin-right: 1px !important;margin-left: 1px !important;background-color: #f4f4f4 !important;}\u00bb][vc_column width=\u00bb7\/12&#8243; css=\u00bb.vc_custom_1561008379714{padding-top: 40px !important;padding-right: 10% !important;padding-bottom: 50px !important;padding-left: 11% !important;}\u00bb offset=\u00bbvc_col-lg-7 vc_col-md-12&#8243; el_class=\u00bbrs_col-sm-12&#8243;][vc_custom_heading text=\u00bbNuestros Valores Corporativos\u00bb font_container=\u00bbtag:h3|text_align:left\u00bb use_theme_fonts=\u00bbyes\u00bb css=\u00bb.vc_custom_1681924128859{margin-bottom: 25px !important;}\u00bb]<ul class='dt-sc-fancy-list    rounded-circle-tick' data-delay='0'>\n<li>Respeto<\/li>\n<li>Profesionalidad<\/li>\n<li>\u00c9tica<\/li>\n<li>Calidez en la atenci\u00f3n al paciente<\/li>\n<li>Capacidad de adaptaci\u00f3n<\/li>\n<li>B\u00fasqueda de bienestar<\/li>\n<li>Integridad profesional<\/li>\n<\/ul>[\/vc_column][vc_column width=\u00bb5\/12&#8243; css=\u00bb.vc_custom_1561010061878{padding-right: 0px !important;padding-left: 0px !important;}\u00bb offset=\u00bbvc_col-lg-5 vc_col-md-12 vc_hidden-sm vc_hidden-xs\u00bb el_class=\u00bbrs_col-sm-12&#8243;][vc_single_image image=\u00bb21600&#8243; img_size=\u00bbfull\u00bb alignment=\u00bbcenter\u00bb el_class=\u00bbcustom-img-border\u00bb css=\u00bb.vc_custom_1681932404208{margin-bottom: 0px !important;}\u00bb]<div id=\"1561007988084-018f22cb-d858\" class=\"dt-sc-empty-space\"><\/div>[\/vc_column][\/vc_row][vc_row][vc_column]<div id=\"1561096090796-b403c95b-69c5\" class=\"dt-sc-empty-space\"><\/div><div class='dt-sc-image-caption type7  left-content' data-delay='0'><div class='dt-sc-image-wrapper'><img loading=\"lazy\" decoding=\"async\" width=\"1230\" height=\"900\" src=\"https:\/\/centromanwoman.com.pe\/Portal\/wp-content\/uploads\/2023\/06\/mision.jpg\" class=\"attachment-full\" alt=\"\" title=\"mision\" srcset=\"https:\/\/centromanwoman.com.pe\/Portal\/wp-content\/uploads\/2023\/06\/mision.jpg 1230w, https:\/\/centromanwoman.com.pe\/Portal\/wp-content\/uploads\/2023\/06\/mision-300x220.jpg 300w, https:\/\/centromanwoman.com.pe\/Portal\/wp-content\/uploads\/2023\/06\/mision-1024x749.jpg 1024w, https:\/\/centromanwoman.com.pe\/Portal\/wp-content\/uploads\/2023\/06\/mision-768x562.jpg 768w, https:\/\/centromanwoman.com.pe\/Portal\/wp-content\/uploads\/2023\/06\/mision-750x549.jpg 750w, https:\/\/centromanwoman.com.pe\/Portal\/wp-content\/uploads\/2023\/06\/mision-540x395.jpg 540w, https:\/\/centromanwoman.com.pe\/Portal\/wp-content\/uploads\/2023\/06\/mision-1000x732.jpg 1000w\" sizes=\"(max-width: 1230px) 100vw, 1230px\" \/><\/div><div class='dt-sc-image-content'><div class='dt-sc-image-title'><h3>Nuestra Misi\u00f3n<\/h3><h6>Un Compromiso<\/h6><\/div><p><p style=\"text-align: justify;\">El Centro Terap\u00e9utico MAN &amp; WOMAN busca fomentar la calidad de servicio y atenci\u00f3n inmediata sin tiempos de espera a los usuarios que ameriten medicina alternativa, dando un tratamiento completo a todos los padecimientos del sistema muscular y \u00f3seo brindando una atenci\u00f3n especial, para lo cual se manejan paquetes de servicios integrales de acuerdo a las necesidades.<\/p><\/p><\/div><\/div><div id=\"1561095824920-8cd278db-7a36\" class=\"dt-sc-empty-space\"><\/div><div class='dt-sc-image-caption type7  ' data-delay='0'><div class='dt-sc-image-wrapper'><img loading=\"lazy\" decoding=\"async\" width=\"1230\" height=\"900\" src=\"https:\/\/centromanwoman.com.pe\/Portal\/wp-content\/uploads\/2023\/06\/vision.jpg\" class=\"attachment-full\" alt=\"\" title=\"vision\" srcset=\"https:\/\/centromanwoman.com.pe\/Portal\/wp-content\/uploads\/2023\/06\/vision.jpg 1230w, https:\/\/centromanwoman.com.pe\/Portal\/wp-content\/uploads\/2023\/06\/vision-300x220.jpg 300w, https:\/\/centromanwoman.com.pe\/Portal\/wp-content\/uploads\/2023\/06\/vision-1024x749.jpg 1024w, https:\/\/centromanwoman.com.pe\/Portal\/wp-content\/uploads\/2023\/06\/vision-768x562.jpg 768w, https:\/\/centromanwoman.com.pe\/Portal\/wp-content\/uploads\/2023\/06\/vision-750x549.jpg 750w, https:\/\/centromanwoman.com.pe\/Portal\/wp-content\/uploads\/2023\/06\/vision-540x395.jpg 540w, https:\/\/centromanwoman.com.pe\/Portal\/wp-content\/uploads\/2023\/06\/vision-1000x732.jpg 1000w\" sizes=\"(max-width: 1230px) 100vw, 1230px\" \/><\/div><div class='dt-sc-image-content'><div class='dt-sc-image-title'><h3>Nuestra Visi\u00f3n<\/h3><h6>A Futuro<\/h6><\/div><p><p style=\"text-align: justify;\">Convertirse en un Centro Terap\u00e9utico de medicina alternativa s\u00f3lido, \u00e1gil y confiable, l\u00edder en la innovaci\u00f3n de servicios con la perspectiva de mejoramiento continuo y s\u00f3lidos principios \u00e9ticos y human\u00edsticos.<\/p><\/p><\/div><\/div><div id=\"1561095839409-76770fbe-36aa\" class=\"dt-sc-empty-space\"><\/div><div class='dt-sc-image-caption type7  left-content' data-delay='0'><div class='dt-sc-image-wrapper'><img loading=\"lazy\" decoding=\"async\" width=\"1230\" height=\"900\" src=\"https:\/\/centromanwoman.com.pe\/Portal\/wp-content\/uploads\/2023\/06\/valores.jpg\" class=\"attachment-full\" alt=\"\" title=\"valores\" srcset=\"https:\/\/centromanwoman.com.pe\/Portal\/wp-content\/uploads\/2023\/06\/valores.jpg 1230w, https:\/\/centromanwoman.com.pe\/Portal\/wp-content\/uploads\/2023\/06\/valores-300x220.jpg 300w, https:\/\/centromanwoman.com.pe\/Portal\/wp-content\/uploads\/2023\/06\/valores-1024x749.jpg 1024w, https:\/\/centromanwoman.com.pe\/Portal\/wp-content\/uploads\/2023\/06\/valores-768x562.jpg 768w, https:\/\/centromanwoman.com.pe\/Portal\/wp-content\/uploads\/2023\/06\/valores-750x549.jpg 750w, https:\/\/centromanwoman.com.pe\/Portal\/wp-content\/uploads\/2023\/06\/valores-540x395.jpg 540w, https:\/\/centromanwoman.com.pe\/Portal\/wp-content\/uploads\/2023\/06\/valores-1000x732.jpg 1000w\" sizes=\"(max-width: 1230px) 100vw, 1230px\" \/><\/div><div class='dt-sc-image-content'><div class='dt-sc-image-title'><h3>Nuestros Valores<\/h3><h6>Como Empresa<\/h6><\/div><p><ul>\n<li>Respeto<\/li>\n<li>Profesionalidad<\/li>\n<li>\u00c9tica<\/li>\n<li>Calidez en la atenci\u00f3n al paciente<\/li>\n<li>Capacidad de adaptaci\u00f3n<\/li>\n<li>B\u00fasqueda de bienestar<\/li>\n<li>Integridad profesional<\/li>\n<\/ul><\/p><\/div><\/div>[\/vc_column][\/vc_row][vc_row][vc_column]<div id=\"1681929769057-9a0d1981-2455\" class=\"dt-sc-empty-space\"><\/div>[\/vc_column][\/vc_row][vc_row full_width=\u00bbstretch_row\u00bb css=\u00bb.vc_custom_1560163203702{padding-top: 65px !important;padding-bottom: 70px !important;background-color: #f4f4f4 !important;}\u00bb][vc_column]<div id=\"1560162938118-8d0129ca-cbe4\" class=\"dt-sc-empty-space\"><\/div><div class='dt-sc-title script-with-sub-title  aligncenter' data-delay='0'><h6 class='dt-sc-main-heading'>Especialistas y Profesionales<\/h6><h2 class='dt-sc-sub-heading'>Conoce a Nuestro Equipo<\/h2><\/div><div id=\"1560158586053-c602ace2-dd70\" class=\"dt-sc-empty-space\"><\/div>[vc_row_inner][vc_column_inner el_class=\u00bbrs_col-sm-6&#8243; width=\u00bb1\/4&#8243; offset=\u00bbvc_col-lg-3 vc_col-md-6&#8243;]<div class='dt-sc-team hide-social-show-on-hover  ' data-delay='0'><div class='dt-sc-team-thumb'><img loading=\"lazy\" decoding=\"async\" width=\"450\" height=\"545\" src=\"https:\/\/centromanwoman.com.pe\/Portal\/wp-content\/uploads\/2019\/06\/team-test.jpg\" class=\"attachment-full\" alt=\"\" title=\"team-test\" srcset=\"https:\/\/centromanwoman.com.pe\/Portal\/wp-content\/uploads\/2019\/06\/team-test.jpg 450w, https:\/\/centromanwoman.com.pe\/Portal\/wp-content\/uploads\/2019\/06\/team-test-248x300.jpg 248w\" sizes=\"(max-width: 450px) 100vw, 450px\" \/><\/div><div class='dt-sc-team-details'><h4>Dr. John Doe<\/h4><h5>medical and dermatology<\/h5><ul class='dt-sc-team-social '><li><a class=\"fab fa-twitter\" href=\"#\" title=\"Twitter\"><\/a><\/li><li><a class=\"fab fa-facebook-f\" href=\"#\" title=\"Facebook\"><\/a><\/li><li><a class=\"fab fa-google-plus-g\" href=\"#\" title=\"Google\"><\/a><\/li><\/ul><p><\/p><\/div><\/div><div id=\"1562846548033-f90bd111-67e7\" class=\"dt-sc-empty-space\"><\/div>[\/vc_column_inner][vc_column_inner el_class=\u00bbrs_col-sm-6&#8243; width=\u00bb1\/4&#8243; offset=\u00bbvc_col-lg-3 vc_col-md-6&#8243;]<div class='dt-sc-team hide-social-show-on-hover  ' data-delay='0'><div class='dt-sc-team-thumb'><img loading=\"lazy\" decoding=\"async\" width=\"450\" height=\"545\" src=\"https:\/\/centromanwoman.com.pe\/Portal\/wp-content\/uploads\/2019\/07\/about-team-2.jpg\" class=\"attachment-full\" alt=\"\" title=\"about-team-2\" srcset=\"https:\/\/centromanwoman.com.pe\/Portal\/wp-content\/uploads\/2019\/07\/about-team-2.jpg 450w, https:\/\/centromanwoman.com.pe\/Portal\/wp-content\/uploads\/2019\/07\/about-team-2-248x300.jpg 248w\" sizes=\"(max-width: 450px) 100vw, 450px\" \/><\/div><div class='dt-sc-team-details'><h4>Dr. Linda Honet<\/h4><h5>medical and dermatology<\/h5><ul class='dt-sc-team-social '><li><a class=\"fab fa-twitter\" href=\"#\" title=\"Twitter\"><\/a><\/li><li><a class=\"fab fa-facebook-f\" href=\"#\" title=\"Facebook\"><\/a><\/li><li><a class=\"fab fa-google-plus-g\" href=\"#\" title=\"Google\"><\/a><\/li><\/ul><p><\/p><\/div><\/div><div id=\"1562846560587-f1811222-1acd\" class=\"dt-sc-empty-space\"><\/div>[\/vc_column_inner][vc_column_inner el_class=\u00bbrs_col-sm-6&#8243; width=\u00bb1\/4&#8243; offset=\u00bbvc_col-lg-3 vc_col-md-6&#8243;]<div class='dt-sc-team hide-social-show-on-hover  ' data-delay='0'><div class='dt-sc-team-thumb'><img loading=\"lazy\" decoding=\"async\" width=\"450\" height=\"545\" src=\"https:\/\/centromanwoman.com.pe\/Portal\/wp-content\/uploads\/2019\/07\/about-team-3.jpg\" class=\"attachment-full\" alt=\"\" title=\"about-team-3\" srcset=\"https:\/\/centromanwoman.com.pe\/Portal\/wp-content\/uploads\/2019\/07\/about-team-3.jpg 450w, https:\/\/centromanwoman.com.pe\/Portal\/wp-content\/uploads\/2019\/07\/about-team-3-248x300.jpg 248w\" sizes=\"(max-width: 450px) 100vw, 450px\" \/><\/div><div class='dt-sc-team-details'><h4>Dr. Micheal Jordan<\/h4><h5>medical and dermatology<\/h5><ul class='dt-sc-team-social '><li><a class=\"fab fa-twitter\" href=\"#\" title=\"Twitter\"><\/a><\/li><li><a class=\"fab fa-facebook-f\" href=\"#\" title=\"Facebook\"><\/a><\/li><li><a class=\"fab fa-google-plus-g\" href=\"#\" title=\"Google\"><\/a><\/li><\/ul><p><\/p><\/div><\/div><div id=\"1681929509313-6e3a316d-4996\" class=\"dt-sc-empty-space\"><\/div>[\/vc_column_inner][vc_column_inner el_class=\u00bbrs_col-sm-6&#8243; width=\u00bb1\/4&#8243; offset=\u00bbvc_col-lg-3 vc_col-md-6&#8243;]<div class='dt-sc-team hide-social-show-on-hover  ' data-delay='0'><div class='dt-sc-team-thumb'><img loading=\"lazy\" decoding=\"async\" width=\"450\" height=\"545\" src=\"https:\/\/centromanwoman.com.pe\/Portal\/wp-content\/uploads\/2019\/07\/about-team-4.jpg\" class=\"attachment-full\" alt=\"\" title=\"about-team-4\" srcset=\"https:\/\/centromanwoman.com.pe\/Portal\/wp-content\/uploads\/2019\/07\/about-team-4.jpg 450w, https:\/\/centromanwoman.com.pe\/Portal\/wp-content\/uploads\/2019\/07\/about-team-4-248x300.jpg 248w\" sizes=\"(max-width: 450px) 100vw, 450px\" \/><\/div><div class='dt-sc-team-details'><h4>Dr. Ellisa Brit<\/h4><h5>medical and dermatology<\/h5><ul class='dt-sc-team-social '><li><a class=\"fab fa-twitter\" href=\"#\" title=\"Twitter\"><\/a><\/li><li><a class=\"fab fa-facebook-f\" href=\"#\" title=\"Facebook\"><\/a><\/li><li><a class=\"fab fa-google-plus-g\" href=\"#\" title=\"Google\"><\/a><\/li><\/ul><p><\/p><\/div><\/div><div id=\"1681929509130-5c7ef5d5-f9e5\" class=\"dt-sc-empty-space\"><\/div>[\/vc_column_inner][\/vc_row_inner]<div id=\"1560162941938-922a0e5e-83d8\" class=\"dt-sc-empty-space\"><\/div>[\/vc_column][\/vc_row]<\/p>\n<\/section>","protected":false},"excerpt":{"rendered":"<p>[vc_row full_width=\u00bbstretch_row\u00bb css=\u00bb.vc_custom_1681929822139{padding-top: 50px !important;padding-bottom: 35px !important;}\u00bb][vc_column][\/vc_column][vc_column width=\u00bb1\/2&#8243; offset=\u00bbvc_col-lg-6 vc_col-md-12&#8243; el_class=\u00bbrs_col-sm-12&#8243;][vc_single_image image=\u00bb21593&#8243; img_size=\u00bbfull\u00bb el_class=\u00bbcustom-img-border\u00bb][\/vc_column][vc_column width=\u00bb1\/2&#8243; offset=\u00bbvc_col-lg-6 vc_col-md-12&#8243; el_class=\u00bbrs_col-sm-12&#8243;][vc_custom_heading text=\u00bbSomos un centro especializado en fisioterapia\u2063 y rehabilitaci\u00f3n, contamos con los mejores equipos de tecnolog\u00eda moderna y especialistas de fisioterapia, para que lleves un tratamiento totalmente seguro ayud\u00e1ndolo a comprender el problema y comprometerse con la soluci\u00f3n [&hellip;]<\/p>\n","protected":false},"author":1,"featured_media":0,"parent":0,"menu_order":0,"comment_status":"closed","ping_status":"closed","template":"","meta":{"footnotes":""},"_links":{"self":[{"href":"https:\/\/centromanwoman.com.pe\/Portal\/wp-json\/wp\/v2\/pages\/19432"}],"collection":[{"href":"https:\/\/centromanwoman.com.pe\/Portal\/wp-json\/wp\/v2\/pages"}],"about":[{"href":"https:\/\/centromanwoman.com.pe\/Portal\/wp-json\/wp\/v2\/types\/page"}],"author":[{"embeddable":true,"href":"https:\/\/centromanwoman.com.pe\/Portal\/wp-json\/wp\/v2\/users\/1"}],"replies":[{"embeddable":true,"href":"https:\/\/centromanwoman.com.pe\/Portal\/wp-json\/wp\/v2\/comments?post=19432"}],"version-history":[{"count":48,"href":"https:\/\/centromanwoman.com.pe\/Portal\/wp-json\/wp\/v2\/pages\/19432\/revisions"}],"predecessor-version":[{"id":21624,"href":"https:\/\/centromanwoman.com.pe\/Portal\/wp-json\/wp\/v2\/pages\/19432\/revisions\/21624"}],"wp:attachment":[{"href":"https:\/\/centromanwoman.com.pe\/Portal\/wp-json\/wp\/v2\/media?parent=19432"}],"curies":[{"name":"wp","href":"https:\/\/api.w.org\/{rel}","templated":true}]}}